{"id":31,"date":"2024-12-26T16:09:51","date_gmt":"2024-12-26T19:09:51","guid":{"rendered":"https:\/\/lanin.com.ar\/site\/?page_id=31"},"modified":"2025-02-06T16:39:10","modified_gmt":"2025-02-06T19:39:10","slug":"quienes-somos","status":"publish","type":"page","link":"https:\/\/lanin.com.ar\/site\/quienes-somos\/","title":{"rendered":"\u00bfQui\u00e9nes somos?"},"content":{"rendered":"\t\t<div data-elementor-type=\"wp-page\" data-elementor-id=\"31\" class=\"elementor elementor-31\" data-elementor-post-type=\"page\">\n\t\t\t\t\t\t<section class=\"elementor-section elementor-top-section elementor-element elementor-element-a28a506 elementor-section-boxed elementor-section-height-default elementor-section-height-default\" data-id=\"a28a506\" data-element_type=\"section\" data-e-type=\"section\" data-settings=\"{&quot;background_background&quot;:&quot;classic&quot;}\">\n\t\t\t\t\t\t<div class=\"elementor-container elementor-column-gap-default\">\n\t\t\t\t\t<div class=\"elementor-column elementor-col-100 elementor-top-column elementor-element elementor-element-12d7a5d\" data-id=\"12d7a5d\" data-element_type=\"column\" data-e-type=\"column\">\n\t\t\t<div class=\"elementor-widget-wrap elementor-element-populated\">\n\t\t\t\t\t\t<div class=\"elementor-element elementor-element-18df653 elementor-widget-divider--view-line elementor-invisible elementor-widget elementor-widget-divider\" data-id=\"18df653\" data-element_type=\"widget\" data-e-type=\"widget\" data-settings=\"{&quot;_animation&quot;:&quot;fadeInRight&quot;,&quot;_animation_tablet&quot;:&quot;fadeIn&quot;,&quot;_animation_delay&quot;:150}\" data-widget_type=\"divider.default\">\n\t\t\t\t<div class=\"elementor-widget-container\">\n\t\t\t\t\t\t\t<div class=\"elementor-divider\">\n\t\t\t<span class=\"elementor-divider-separator\">\n\t\t\t\t\t\t<\/span>\n\t\t<\/div>\n\t\t\t\t\t\t<\/div>\n\t\t\t\t<\/div>\n\t\t\t\t\t<\/div>\n\t\t<\/div>\n\t\t\t\t\t<\/div>\n\t\t<\/section>\n\t\t\t\t<section class=\"elementor-section elementor-top-section elementor-element elementor-element-4740055 elementor-section-boxed elementor-section-height-default elementor-section-height-default\" data-id=\"4740055\" data-element_type=\"section\" data-e-type=\"section\">\n\t\t\t\t\t\t<div class=\"elementor-container elementor-column-gap-default\">\n\t\t\t\t\t<div class=\"elementor-column elementor-col-50 elementor-top-column elementor-element elementor-element-1bd4967\" data-id=\"1bd4967\" data-element_type=\"column\" data-e-type=\"column\">\n\t\t\t<div class=\"elementor-widget-wrap elementor-element-populated\">\n\t\t\t\t\t\t<div class=\"elementor-element elementor-element-bdc2a1c elementor-invisible elementor-widget elementor-widget-heading\" data-id=\"bdc2a1c\" data-element_type=\"widget\" data-e-type=\"widget\" data-settings=\"{&quot;_animation&quot;:&quot;fadeInLeft&quot;,&quot;_animation_tablet&quot;:&quot;fadeIn&quot;,&quot;_animation_delay&quot;:250}\" data-widget_type=\"heading.default\">\n\t\t\t\t<div class=\"elementor-widget-container\">\n\t\t\t\t\t<h2 class=\"elementor-heading-title elementor-size-default\">Desde 1930, La\u00f1in es sin\u00f3nimo de <b>calidad y buen gusto.<\/b><\/h2>\t\t\t\t<\/div>\n\t\t\t\t<\/div>\n\t\t\t\t<div class=\"elementor-element elementor-element-d454fce elementor-hidden-tablet elementor-hidden-mobile elementor-invisible elementor-widget elementor-widget-text-editor\" data-id=\"d454fce\" data-element_type=\"widget\" data-e-type=\"widget\" data-settings=\"{&quot;_animation&quot;:&quot;fadeInUp&quot;,&quot;_animation_tablet&quot;:&quot;fadeIn&quot;,&quot;_animation_delay&quot;:300}\" data-widget_type=\"text-editor.default\">\n\t\t\t\t<div class=\"elementor-widget-container\">\n\t\t\t\t\t\t\t\t\t<p>Contamos con un\u00a0<b>plantel humano de excelencia en artesan\u00eda\u00a0y una infraestructura productiva<\/b>\u00a0equipada con los recursos t\u00e9cnicos m\u00e1s avanzados.<\/p><p>Adem\u00e1s de nuestro plantel humano, ponemos a su servicio nuestra infraestructura productiva equipada con los recursos t\u00e9cnicos m\u00e1s avanzados. Nos destacamos en el equipamiento integral de viviendas particulares y proyectos corporativos de mayor envergadura, como hoteles, embajadas, \u00e1reas gerenciales, cl\u00ednicas, entre otros.<\/p><p>Nuestra reconocida empresa est\u00e1 presente tanto en el mercado nacional como internacional, exportando de manera ininterrumpida a Brasil, Uruguay, Chile, Canad\u00e1 y EE.UU.<\/p><p>Disponemos de un\u00a0<b>equipo de profesionales <\/b>dispuesto a asistirlo, responder eficazmente a sus inquietudes y presentarle propuestas a su medida.<\/p>\t\t\t\t\t\t\t\t<\/div>\n\t\t\t\t<\/div>\n\t\t\t\t\t<\/div>\n\t\t<\/div>\n\t\t\t\t<div class=\"elementor-column elementor-col-50 elementor-top-column elementor-element elementor-element-2699049 animated-slow elementor-invisible\" data-id=\"2699049\" data-element_type=\"column\" data-e-type=\"column\" data-settings=\"{&quot;animation&quot;:&quot;fadeInUp&quot;,&quot;animation_tablet&quot;:&quot;fadeIn&quot;,&quot;animation_delay&quot;:150}\">\n\t\t\t<div class=\"elementor-widget-wrap elementor-element-populated\">\n\t\t\t\t\t\t<div class=\"elementor-element elementor-element-9c4c32b animated-slow elementor-invisible elementor-widget elementor-widget-image\" data-id=\"9c4c32b\" data-element_type=\"widget\" data-e-type=\"widget\" data-settings=\"{&quot;_animation&quot;:&quot;fadeInRight&quot;,&quot;_animation_tablet&quot;:&quot;fadeIn&quot;,&quot;_animation_delay&quot;:250}\" data-widget_type=\"image.default\">\n\t\t\t\t<div class=\"elementor-widget-container\">\n\t\t\t\t\t\t\t\t\t\t\t\t\t\t\t<img fetchpriority=\"high\" decoding=\"async\" width=\"1080\" height=\"1350\" src=\"https:\/\/lanin.com.ar\/site\/wp-content\/uploads\/2024\/12\/8.jpg\" class=\"attachment-full size-full wp-image-242\" alt=\"\" srcset=\"https:\/\/lanin.com.ar\/site\/wp-content\/uploads\/2024\/12\/8.jpg 1080w, https:\/\/lanin.com.ar\/site\/wp-content\/uploads\/2024\/12\/8-600x750.jpg 600w, https:\/\/lanin.com.ar\/site\/wp-content\/uploads\/2024\/12\/8-240x300.jpg 240w, https:\/\/lanin.com.ar\/site\/wp-content\/uploads\/2024\/12\/8-819x1024.jpg 819w, https:\/\/lanin.com.ar\/site\/wp-content\/uploads\/2024\/12\/8-768x960.jpg 768w\" sizes=\"(max-width: 1080px) 100vw, 1080px\" \/>\t\t\t\t\t\t\t\t\t\t\t\t\t\t\t<\/div>\n\t\t\t\t<\/div>\n\t\t\t\t\t<\/div>\n\t\t<\/div>\n\t\t\t\t\t<\/div>\n\t\t<\/section>\n\t\t\t\t<section class=\"elementor-section elementor-top-section elementor-element elementor-element-d5b61ca elementor-hidden-desktop elementor-section-boxed elementor-section-height-default elementor-section-height-default\" data-id=\"d5b61ca\" data-element_type=\"section\" data-e-type=\"section\">\n\t\t\t\t\t\t<div class=\"elementor-container elementor-column-gap-default\">\n\t\t\t\t\t<div class=\"elementor-column elementor-col-100 elementor-top-column elementor-element elementor-element-4ce523d\" data-id=\"4ce523d\" data-element_type=\"column\" data-e-type=\"column\">\n\t\t\t<div class=\"elementor-widget-wrap elementor-element-populated\">\n\t\t\t\t\t\t<div class=\"elementor-element elementor-element-213efd1 elementor-invisible elementor-widget elementor-widget-text-editor\" data-id=\"213efd1\" data-element_type=\"widget\" data-e-type=\"widget\" data-settings=\"{&quot;_animation&quot;:&quot;fadeInUp&quot;,&quot;_animation_tablet&quot;:&quot;fadeIn&quot;,&quot;_animation_delay&quot;:300}\" data-widget_type=\"text-editor.default\">\n\t\t\t\t<div class=\"elementor-widget-container\">\n\t\t\t\t\t\t\t\t\t<p>Contamos con un\u00a0<b>plantel humano de excelencia en artesan\u00eda\u00a0y una infraestructura productiva<\/b>\u00a0equipada con los recursos t\u00e9cnicos m\u00e1s avanzados.<\/p><p>Adem\u00e1s de nuestro plantel humano, ponemos a su servicio nuestra infraestructura productiva equipada con los recursos t\u00e9cnicos m\u00e1s avanzados. Nos destacamos en el equipamiento integral de viviendas particulares y proyectos corporativos de mayor envergadura, como hoteles, embajadas, \u00e1reas gerenciales, cl\u00ednicas, entre otros.<\/p><p>Nuestra reconocida empresa est\u00e1 presente tanto en el mercado nacional como internacional, exportando de manera ininterrumpida a Brasil, Uruguay, Chile, Canad\u00e1 y EE.UU.<\/p><p>Disponemos de un\u00a0<b>equipo de profesionales <\/b>dispuesto a asistirlo, responder eficazmente a sus inquietudes y presentarle propuestas a su medida.<\/p>\t\t\t\t\t\t\t\t<\/div>\n\t\t\t\t<\/div>\n\t\t\t\t\t<\/div>\n\t\t<\/div>\n\t\t\t\t\t<\/div>\n\t\t<\/section>\n\t\t\t\t<\/div>\n\t\t","protected":false},"excerpt":{"rendered":"<p>Desde 1930, La\u00f1in es sin\u00f3nimo de calidad y buen gusto. Contamos con un\u00a0plantel humano de excelencia en artesan\u00eda\u00a0y una infraestructura [&hellip;]<\/p>\n","protected":false},"author":1,"featured_media":0,"parent":0,"menu_order":0,"comment_status":"closed","ping_status":"closed","template":"","meta":{"_acf_changed":false,"site-sidebar-layout":"no-sidebar","site-content-layout":"","ast-site-content-layout":"full-width-container","site-content-style":"default","site-sidebar-style":"default","ast-global-header-display":"","ast-banner-title-visibility":"","ast-main-header-display":"","ast-hfb-above-header-display":"","ast-hfb-below-header-display":"","ast-hfb-mobile-header-display":"","site-post-title":"disabled","ast-breadcrumbs-content":"","ast-featured-img":"disabled","footer-sml-layout":"","ast-disable-related-posts":"","theme-transparent-header-meta":"","adv-header-id-meta":"","stick-header-meta":"","header-above-stick-meta":"","header-main-stick-meta":"","header-below-stick-meta":"","astra-migrate-meta-layouts":"default","ast-page-background-enabled":"default","ast-page-background-meta":{"desktop":{"background-color":"var(--ast-global-color-4)","background-image":"","background-repeat":"repeat","background-position":"center center","background-size":"auto","background-attachment":"scroll","background-type":"","background-media":"","overlay-type":"","overlay-color":"","overlay-opacity":"","overlay-gradient":""},"tablet":{"background-color":"","background-image":"","background-repeat":"repeat","background-position":"center center","background-size":"auto","background-attachment":"scroll","background-type":"","background-media":"","overlay-type":"","overlay-color":"","overlay-opacity":"","overlay-gradient":""},"mobile":{"background-color":"","background-image":"","background-repeat":"repeat","background-position":"center center","background-size":"auto","background-attachment":"scroll","background-type":"","background-media":"","overlay-type":"","overlay-color":"","overlay-opacity":"","overlay-gradient":""}},"ast-content-background-meta":{"desktop":{"background-color":"var(--ast-global-color-5)","background-image":"","background-repeat":"repeat","background-position":"center center","background-size":"auto","background-attachment":"scroll","background-type":"","background-media":"","overlay-type":"","overlay-color":"","overlay-opacity":"","overlay-gradient":""},"tablet":{"background-color":"var(--ast-global-color-5)","background-image":"","background-repeat":"repeat","background-position":"center center","background-size":"auto","background-attachment":"scroll","background-type":"","background-media":"","overlay-type":"","overlay-color":"","overlay-opacity":"","overlay-gradient":""},"mobile":{"background-color":"var(--ast-global-color-5)","background-image":"","background-repeat":"repeat","background-position":"center center","background-size":"auto","background-attachment":"scroll","background-type":"","background-media":"","overlay-type":"","overlay-color":"","overlay-opacity":"","overlay-gradient":""}},"footnotes":""},"class_list":["post-31","page","type-page","status-publish","hentry"],"acf":[],"yoast_head":"<!-- This site is optimized with the Yoast SEO plugin v27.3 - https:\/\/yoast.com\/product\/yoast-seo-wordpress\/ -->\n<title>\u00bfQui\u00e9nes somos? - La\u00f1in<\/title>\n<meta name=\"robots\" content=\"index, follow, max-snippet:-1, max-image-preview:large, max-video-preview:-1\" \/>\n<link rel=\"canonical\" href=\"https:\/\/lanin.com.ar\/site\/quienes-somos\/\" \/>\n<meta property=\"og:locale\" content=\"es_ES\" \/>\n<meta property=\"og:type\" content=\"article\" \/>\n<meta property=\"og:title\" content=\"\u00bfQui\u00e9nes somos? - La\u00f1in\" \/>\n<meta property=\"og:description\" content=\"Desde 1930, La\u00f1in es sin\u00f3nimo de calidad y buen gusto. Contamos con un\u00a0plantel humano de excelencia en artesan\u00eda\u00a0y una infraestructura [&hellip;]\" \/>\n<meta property=\"og:url\" content=\"https:\/\/lanin.com.ar\/site\/quienes-somos\/\" \/>\n<meta property=\"og:site_name\" content=\"La\u00f1in\" \/>\n<meta property=\"article:publisher\" content=\"https:\/\/www.facebook.com\/laninok\" \/>\n<meta property=\"article:modified_time\" content=\"2025-02-06T19:39:10+00:00\" \/>\n<meta property=\"og:image\" content=\"https:\/\/lanin.com.ar\/site\/wp-content\/uploads\/2024\/12\/8.jpg\" \/>\n<meta name=\"twitter:card\" content=\"summary_large_image\" \/>\n<meta name=\"twitter:label1\" content=\"Tiempo de lectura\" \/>\n\t<meta name=\"twitter:data1\" content=\"1 minuto\" \/>\n<script type=\"application\/ld+json\" class=\"yoast-schema-graph\">{\"@context\":\"https:\\\/\\\/schema.org\",\"@graph\":[{\"@type\":\"WebPage\",\"@id\":\"https:\\\/\\\/lanin.com.ar\\\/site\\\/quienes-somos\\\/\",\"url\":\"https:\\\/\\\/lanin.com.ar\\\/site\\\/quienes-somos\\\/\",\"name\":\"\u00bfQui\u00e9nes somos? - La\u00f1in\",\"isPartOf\":{\"@id\":\"https:\\\/\\\/lanin.com.ar\\\/site\\\/#website\"},\"primaryImageOfPage\":{\"@id\":\"https:\\\/\\\/lanin.com.ar\\\/site\\\/quienes-somos\\\/#primaryimage\"},\"image\":{\"@id\":\"https:\\\/\\\/lanin.com.ar\\\/site\\\/quienes-somos\\\/#primaryimage\"},\"thumbnailUrl\":\"https:\\\/\\\/lanin.com.ar\\\/site\\\/wp-content\\\/uploads\\\/2024\\\/12\\\/8.jpg\",\"datePublished\":\"2024-12-26T19:09:51+00:00\",\"dateModified\":\"2025-02-06T19:39:10+00:00\",\"breadcrumb\":{\"@id\":\"https:\\\/\\\/lanin.com.ar\\\/site\\\/quienes-somos\\\/#breadcrumb\"},\"inLanguage\":\"es\",\"potentialAction\":[{\"@type\":\"ReadAction\",\"target\":[\"https:\\\/\\\/lanin.com.ar\\\/site\\\/quienes-somos\\\/\"]}]},{\"@type\":\"ImageObject\",\"inLanguage\":\"es\",\"@id\":\"https:\\\/\\\/lanin.com.ar\\\/site\\\/quienes-somos\\\/#primaryimage\",\"url\":\"https:\\\/\\\/lanin.com.ar\\\/site\\\/wp-content\\\/uploads\\\/2024\\\/12\\\/8.jpg\",\"contentUrl\":\"https:\\\/\\\/lanin.com.ar\\\/site\\\/wp-content\\\/uploads\\\/2024\\\/12\\\/8.jpg\",\"width\":1080,\"height\":1350},{\"@type\":\"BreadcrumbList\",\"@id\":\"https:\\\/\\\/lanin.com.ar\\\/site\\\/quienes-somos\\\/#breadcrumb\",\"itemListElement\":[{\"@type\":\"ListItem\",\"position\":1,\"name\":\"Portada\",\"item\":\"https:\\\/\\\/lanin.com.ar\\\/site\\\/\"},{\"@type\":\"ListItem\",\"position\":2,\"name\":\"\u00bfQui\u00e9nes somos?\"}]},{\"@type\":\"WebSite\",\"@id\":\"https:\\\/\\\/lanin.com.ar\\\/site\\\/#website\",\"url\":\"https:\\\/\\\/lanin.com.ar\\\/site\\\/\",\"name\":\"La\u00f1in\",\"description\":\"Amoblamientos\",\"publisher\":{\"@id\":\"https:\\\/\\\/lanin.com.ar\\\/site\\\/#organization\"},\"potentialAction\":[{\"@type\":\"SearchAction\",\"target\":{\"@type\":\"EntryPoint\",\"urlTemplate\":\"https:\\\/\\\/lanin.com.ar\\\/site\\\/?s={search_term_string}\"},\"query-input\":{\"@type\":\"PropertyValueSpecification\",\"valueRequired\":true,\"valueName\":\"search_term_string\"}}],\"inLanguage\":\"es\"},{\"@type\":\"Organization\",\"@id\":\"https:\\\/\\\/lanin.com.ar\\\/site\\\/#organization\",\"name\":\"La\u00f1in\",\"url\":\"https:\\\/\\\/lanin.com.ar\\\/site\\\/\",\"logo\":{\"@type\":\"ImageObject\",\"inLanguage\":\"es\",\"@id\":\"https:\\\/\\\/lanin.com.ar\\\/site\\\/#\\\/schema\\\/logo\\\/image\\\/\",\"url\":\"https:\\\/\\\/lanin.com.ar\\\/site\\\/wp-content\\\/uploads\\\/2024\\\/12\\\/logo.svg\",\"contentUrl\":\"https:\\\/\\\/lanin.com.ar\\\/site\\\/wp-content\\\/uploads\\\/2024\\\/12\\\/logo.svg\",\"width\":1250,\"height\":320,\"caption\":\"La\u00f1in\"},\"image\":{\"@id\":\"https:\\\/\\\/lanin.com.ar\\\/site\\\/#\\\/schema\\\/logo\\\/image\\\/\"},\"sameAs\":[\"https:\\\/\\\/www.facebook.com\\\/laninok\",\"https:\\\/\\\/www.instagram.com\\\/lanin_ok\",\"https:\\\/\\\/www.linkedin.com\\\/company\\\/la-in\\\/\"]}]}<\/script>\n<!-- \/ Yoast SEO plugin. -->","yoast_head_json":{"title":"\u00bfQui\u00e9nes somos? - La\u00f1in","robots":{"index":"index","follow":"follow","max-snippet":"max-snippet:-1","max-image-preview":"max-image-preview:large","max-video-preview":"max-video-preview:-1"},"canonical":"https:\/\/lanin.com.ar\/site\/quienes-somos\/","og_locale":"es_ES","og_type":"article","og_title":"\u00bfQui\u00e9nes somos? - La\u00f1in","og_description":"Desde 1930, La\u00f1in es sin\u00f3nimo de calidad y buen gusto. Contamos con un\u00a0plantel humano de excelencia en artesan\u00eda\u00a0y una infraestructura [&hellip;]","og_url":"https:\/\/lanin.com.ar\/site\/quienes-somos\/","og_site_name":"La\u00f1in","article_publisher":"https:\/\/www.facebook.com\/laninok","article_modified_time":"2025-02-06T19:39:10+00:00","og_image":[{"url":"https:\/\/lanin.com.ar\/site\/wp-content\/uploads\/2024\/12\/8.jpg","type":"","width":"","height":""}],"twitter_card":"summary_large_image","twitter_misc":{"Tiempo de lectura":"1 minuto"},"schema":{"@context":"https:\/\/schema.org","@graph":[{"@type":"WebPage","@id":"https:\/\/lanin.com.ar\/site\/quienes-somos\/","url":"https:\/\/lanin.com.ar\/site\/quienes-somos\/","name":"\u00bfQui\u00e9nes somos? - La\u00f1in","isPartOf":{"@id":"https:\/\/lanin.com.ar\/site\/#website"},"primaryImageOfPage":{"@id":"https:\/\/lanin.com.ar\/site\/quienes-somos\/#primaryimage"},"image":{"@id":"https:\/\/lanin.com.ar\/site\/quienes-somos\/#primaryimage"},"thumbnailUrl":"https:\/\/lanin.com.ar\/site\/wp-content\/uploads\/2024\/12\/8.jpg","datePublished":"2024-12-26T19:09:51+00:00","dateModified":"2025-02-06T19:39:10+00:00","breadcrumb":{"@id":"https:\/\/lanin.com.ar\/site\/quienes-somos\/#breadcrumb"},"inLanguage":"es","potentialAction":[{"@type":"ReadAction","target":["https:\/\/lanin.com.ar\/site\/quienes-somos\/"]}]},{"@type":"ImageObject","inLanguage":"es","@id":"https:\/\/lanin.com.ar\/site\/quienes-somos\/#primaryimage","url":"https:\/\/lanin.com.ar\/site\/wp-content\/uploads\/2024\/12\/8.jpg","contentUrl":"https:\/\/lanin.com.ar\/site\/wp-content\/uploads\/2024\/12\/8.jpg","width":1080,"height":1350},{"@type":"BreadcrumbList","@id":"https:\/\/lanin.com.ar\/site\/quienes-somos\/#breadcrumb","itemListElement":[{"@type":"ListItem","position":1,"name":"Portada","item":"https:\/\/lanin.com.ar\/site\/"},{"@type":"ListItem","position":2,"name":"\u00bfQui\u00e9nes somos?"}]},{"@type":"WebSite","@id":"https:\/\/lanin.com.ar\/site\/#website","url":"https:\/\/lanin.com.ar\/site\/","name":"La\u00f1in","description":"Amoblamientos","publisher":{"@id":"https:\/\/lanin.com.ar\/site\/#organization"},"potentialAction":[{"@type":"SearchAction","target":{"@type":"EntryPoint","urlTemplate":"https:\/\/lanin.com.ar\/site\/?s={search_term_string}"},"query-input":{"@type":"PropertyValueSpecification","valueRequired":true,"valueName":"search_term_string"}}],"inLanguage":"es"},{"@type":"Organization","@id":"https:\/\/lanin.com.ar\/site\/#organization","name":"La\u00f1in","url":"https:\/\/lanin.com.ar\/site\/","logo":{"@type":"ImageObject","inLanguage":"es","@id":"https:\/\/lanin.com.ar\/site\/#\/schema\/logo\/image\/","url":"https:\/\/lanin.com.ar\/site\/wp-content\/uploads\/2024\/12\/logo.svg","contentUrl":"https:\/\/lanin.com.ar\/site\/wp-content\/uploads\/2024\/12\/logo.svg","width":1250,"height":320,"caption":"La\u00f1in"},"image":{"@id":"https:\/\/lanin.com.ar\/site\/#\/schema\/logo\/image\/"},"sameAs":["https:\/\/www.facebook.com\/laninok","https:\/\/www.instagram.com\/lanin_ok","https:\/\/www.linkedin.com\/company\/la-in\/"]}]}},"_links":{"self":[{"href":"https:\/\/lanin.com.ar\/site\/wp-json\/wp\/v2\/pages\/31","targetHints":{"allow":["GET"]}}],"collection":[{"href":"https:\/\/lanin.com.ar\/site\/wp-json\/wp\/v2\/pages"}],"about":[{"href":"https:\/\/lanin.com.ar\/site\/wp-json\/wp\/v2\/types\/page"}],"author":[{"embeddable":true,"href":"https:\/\/lanin.com.ar\/site\/wp-json\/wp\/v2\/users\/1"}],"replies":[{"embeddable":true,"href":"https:\/\/lanin.com.ar\/site\/wp-json\/wp\/v2\/comments?post=31"}],"version-history":[{"count":19,"href":"https:\/\/lanin.com.ar\/site\/wp-json\/wp\/v2\/pages\/31\/revisions"}],"predecessor-version":[{"id":610,"href":"https:\/\/lanin.com.ar\/site\/wp-json\/wp\/v2\/pages\/31\/revisions\/610"}],"wp:attachment":[{"href":"https:\/\/lanin.com.ar\/site\/wp-json\/wp\/v2\/media?parent=31"}],"curies":[{"name":"wp","href":"https:\/\/api.w.org\/{rel}","templated":true}]}}